{"id":3007,"date":"2026-01-17T13:45:36","date_gmt":"2026-01-17T12:45:36","guid":{"rendered":"https:\/\/design-experience.org\/?page_id=3007"},"modified":"2026-01-17T16:34:34","modified_gmt":"2026-01-17T15:34:34","slug":"vivien-durisotti","status":"publish","type":"page","link":"https:\/\/design-experience.org\/index.php\/vivien-durisotti\/","title":{"rendered":"About"},"content":{"rendered":"\n<p class=\"has-text-align-left\"><strong>Vivien Durisotti<\/strong> est designer, sp\u00e9cialis\u00e9 dans le design produit et le mobilier.<br>Son travail explore l\u2019\u00e9quilibre entre l\u00e9g\u00e8ret\u00e9, fonctionnalit\u00e9 et justesse des formes. Il con\u00e7oit des objets durables, pens\u00e9s pour l\u2019usage r\u00e9el, o\u00f9 chaque d\u00e9tail a un sens.<\/p>\n\n\n\n<p class=\"has-text-align-left\"><\/p>\n\n\n\n<figure class=\"wp-block-gallery has-nested-images columns-default is-cropped wp-block-gallery-1 is-layout-flex wp-block-gallery-is-layout-flex\">\n<figure class=\"wp-block-image size-large\"><img loading=\"lazy\" decoding=\"async\" width=\"1024\" height=\"354\" data-id=\"3087\" src=\"https:\/\/design-experience.org\/wp-content\/uploads\/2026\/01\/Fritsch-durisotti-1-1024x354.jpg\" alt=\"\" class=\"wp-image-3087\" srcset=\"https:\/\/design-experience.org\/wp-content\/uploads\/2026\/01\/Fritsch-durisotti-1-1024x354.jpg 1024w, https:\/\/design-experience.org\/wp-content\/uploads\/2026\/01\/Fritsch-durisotti-1-300x104.jpg 300w, https:\/\/design-experience.org\/wp-content\/uploads\/2026\/01\/Fritsch-durisotti-1-768x266.jpg 768w, https:\/\/design-experience.org\/wp-content\/uploads\/2026\/01\/Fritsch-durisotti-1-1536x531.jpg 1536w, https:\/\/design-experience.org\/wp-content\/uploads\/2026\/01\/Fritsch-durisotti-1-450x156.jpg 450w, https:\/\/design-experience.org\/wp-content\/uploads\/2026\/01\/Fritsch-durisotti-1-600x207.jpg 600w, https:\/\/design-experience.org\/wp-content\/uploads\/2026\/01\/Fritsch-durisotti-1.jpg 1750w\" sizes=\"auto, (max-width: 1024px) 100vw, 1024px\" \/><\/figure>\n<\/figure>\n\n\n\n<p><\/p>\n\n\n\n<p><\/p>\n\n\n\n<p>En parall\u00e8le de son travail de designer, <strong>Vivien Durisotti<\/strong> cultive une relation intime avec l\u2019illustration et le dessin. Ces pratiques, plus libres et instinctives, lui offrent un terrain d\u2019expression o\u00f9 le geste pr\u00e9c\u00e8de la r\u00e9flexion, o\u00f9 la ligne devient un langage \u00e0 part enti\u00e8re.<\/p>\n\n\n\n<p><\/p>\n\n\n\n<div class=\"wp-block-columns is-layout-flex wp-container-core-columns-is-layout-9d6595d7 wp-block-columns-is-layout-flex\">\n<div class=\"wp-block-column is-layout-flow wp-block-column-is-layout-flow\"><\/div>\n\n\n\n<div class=\"wp-block-column is-layout-flow wp-block-column-is-layout-flow\"><\/div>\n<\/div>\n\n\n\n<figure class=\"wp-block-gallery has-nested-images columns-default is-cropped wp-block-gallery-2 is-layout-flex wp-block-gallery-is-layout-flex\">\n<figure class=\"wp-block-image size-full\"><a href=\"https:\/\/design-experience.org\/index.php\/filfog\/\" target=\"_blank\" rel=\" noreferrer noopener\"><img loading=\"lazy\" decoding=\"async\" width=\"950\" height=\"579\" data-id=\"3090\" src=\"https:\/\/design-experience.org\/wp-content\/uploads\/2026\/01\/Fil-and-fog-02.jpg\" alt=\"\" class=\"wp-image-3090\" srcset=\"https:\/\/design-experience.org\/wp-content\/uploads\/2026\/01\/Fil-and-fog-02.jpg 950w, https:\/\/design-experience.org\/wp-content\/uploads\/2026\/01\/Fil-and-fog-02-300x183.jpg 300w, https:\/\/design-experience.org\/wp-content\/uploads\/2026\/01\/Fil-and-fog-02-768x468.jpg 768w, https:\/\/design-experience.org\/wp-content\/uploads\/2026\/01\/Fil-and-fog-02-450x274.jpg 450w, https:\/\/design-experience.org\/wp-content\/uploads\/2026\/01\/Fil-and-fog-02-600x366.jpg 600w\" sizes=\"auto, (max-width: 950px) 100vw, 950px\" \/><\/a><\/figure>\n\n\n\n<figure class=\"wp-block-image size-full\"><a href=\"https:\/\/design-experience.org\/index.php\/galerie1\/\" target=\"_blank\" rel=\" noreferrer noopener\"><img loading=\"lazy\" decoding=\"async\" width=\"950\" height=\"579\" data-id=\"3091\" src=\"https:\/\/design-experience.org\/wp-content\/uploads\/2026\/01\/Portrait-vd.jpg\" alt=\"\" class=\"wp-image-3091\" srcset=\"https:\/\/design-experience.org\/wp-content\/uploads\/2026\/01\/Portrait-vd.jpg 950w, https:\/\/design-experience.org\/wp-content\/uploads\/2026\/01\/Portrait-vd-300x183.jpg 300w, https:\/\/design-experience.org\/wp-content\/uploads\/2026\/01\/Portrait-vd-768x468.jpg 768w, https:\/\/design-experience.org\/wp-content\/uploads\/2026\/01\/Portrait-vd-450x274.jpg 450w, https:\/\/design-experience.org\/wp-content\/uploads\/2026\/01\/Portrait-vd-600x366.jpg 600w\" sizes=\"auto, (max-width: 950px) 100vw, 950px\" \/><\/a><\/figure>\n<\/figure>\n\n\n\n<p><\/p>\n\n\n\n<p>Depuis tout petit, il est fascin\u00e9 par les v\u00e9hicules \u2014 roulants, flottants, volants \u2014 et par les univers de science-fiction. Il les dessine depuis toujours, explorant avec passion des mondes imaginaires et des formes en mouvement qui nourrissent autant son regard que sa cr\u00e9ativit\u00e9.<\/p>\n\n\n\n<p><\/p>\n\n\n\n<figure class=\"wp-block-gallery has-nested-images columns-default is-cropped wp-block-gallery-3 is-layout-flex wp-block-gallery-is-layout-flex\">\n<figure class=\"wp-block-image size-full\"><a href=\"https:\/\/design-experience.org\/index.php\/science-fiction\/\" target=\"_blank\" rel=\" noreferrer noopener\"><img loading=\"lazy\" decoding=\"async\" width=\"950\" height=\"579\" data-id=\"3093\" src=\"https:\/\/design-experience.org\/wp-content\/uploads\/2026\/01\/sciece-fiction-vd.jpg\" alt=\"\" class=\"wp-image-3093\" srcset=\"https:\/\/design-experience.org\/wp-content\/uploads\/2026\/01\/sciece-fiction-vd.jpg 950w, https:\/\/design-experience.org\/wp-content\/uploads\/2026\/01\/sciece-fiction-vd-300x183.jpg 300w, https:\/\/design-experience.org\/wp-content\/uploads\/2026\/01\/sciece-fiction-vd-768x468.jpg 768w, https:\/\/design-experience.org\/wp-content\/uploads\/2026\/01\/sciece-fiction-vd-450x274.jpg 450w, https:\/\/design-experience.org\/wp-content\/uploads\/2026\/01\/sciece-fiction-vd-600x366.jpg 600w\" sizes=\"auto, (max-width: 950px) 100vw, 950px\" \/><\/a><\/figure>\n\n\n\n<figure class=\"wp-block-image size-full\"><a href=\"https:\/\/design-experience.org\/index.php\/vehicules\/\" target=\"_blank\" rel=\" noreferrer noopener\"><img loading=\"lazy\" decoding=\"async\" width=\"950\" height=\"579\" data-id=\"3094\" src=\"https:\/\/design-experience.org\/wp-content\/uploads\/2026\/01\/vehicule-vd.jpg\" alt=\"\" class=\"wp-image-3094\" srcset=\"https:\/\/design-experience.org\/wp-content\/uploads\/2026\/01\/vehicule-vd.jpg 950w, https:\/\/design-experience.org\/wp-content\/uploads\/2026\/01\/vehicule-vd-300x183.jpg 300w, https:\/\/design-experience.org\/wp-content\/uploads\/2026\/01\/vehicule-vd-768x468.jpg 768w, https:\/\/design-experience.org\/wp-content\/uploads\/2026\/01\/vehicule-vd-450x274.jpg 450w, https:\/\/design-experience.org\/wp-content\/uploads\/2026\/01\/vehicule-vd-600x366.jpg 600w\" sizes=\"auto, (max-width: 950px) 100vw, 950px\" \/><\/a><\/figure>\n<\/figure>\n\n\n\n<p><\/p>\n\n\n\n<p><\/p>\n\n\n\n<p>Si vous avez des besoins en <strong>illustration ou en dessin<\/strong>, surtout n\u2019h\u00e9sitez pas \u00e0 me contacter ! Que ce soit pour des concepts, des v\u00e9hicules imaginaires, des univers de science-fiction ou tout projet cr\u00e9atif, je mets ma passion et mon exp\u00e9rience au service de vos id\u00e9es pour leur donner forme et caract\u00e8re. Chaque projet est unique, et je serai ravi de collaborer pour cr\u00e9er quelque chose qui vous ressemble.<\/p>\n\n\n\n<figure class=\"wp-block-gallery has-nested-images columns-default is-cropped wp-block-gallery-4 is-layout-flex wp-block-gallery-is-layout-flex\"><\/figure>\n","protected":false},"excerpt":{"rendered":"<p>Vivien Durisotti est designer, sp\u00e9cialis\u00e9 dans le design produit et le mobilier.Son travail explore l\u2019\u00e9quilibre entre l\u00e9g\u00e8ret\u00e9, fonctionnalit\u00e9 et justesse des formes. Il con\u00e7oit des objets durables, pens\u00e9s pour l\u2019usage [&hellip;]<\/p>\n","protected":false},"author":1,"featured_media":0,"parent":0,"menu_order":0,"comment_status":"closed","ping_status":"closed","template":"page-fullwidth.php","meta":{"footnotes":""},"class_list":["post-3007","page","type-page","status-publish","hentry"],"yoast_head":"<!-- This site is optimized with the Yoast SEO plugin v24.1 - https:\/\/yoast.com\/wordpress\/plugins\/seo\/ -->\n<title>About - Vivien Durisotti<\/title>\n<meta name=\"description\" content=\"Designer et illustrateur, Vivien Durisotti cr\u00e9e des objets, dessins et v\u00e9hicules imaginaires m\u00ealant cr\u00e9ativit\u00e9 et passion depuis toujours.Passionn\u00e9 de design et de science-fiction, Vivien Durisotti con\u00e7oit des illustrations et objets uniques, inspir\u00e9s par mouvement et imagination.Vivien Durisotti, designer produit et illustrateur, transforme vos id\u00e9es en objets, dessins et univers imaginaires avec cr\u00e9ativit\u00e9 et pr\u00e9cision.Illustrations, v\u00e9hicules imaginaires, design produit \u2014 Vivien Durisotti donne vie \u00e0 vos projets avec sensibilit\u00e9 et passion.Designer et illustrateur passionn\u00e9, Vivien Durisotti cr\u00e9e des objets et illustrations m\u00ealant l\u00e9g\u00e8ret\u00e9, forme et univers imaginaires.\" \/>\n<meta name=\"robots\" content=\"index, follow, max-snippet:-1, max-image-preview:large, max-video-preview:-1\" \/>\n<link rel=\"canonical\" href=\"https:\/\/design-experience.org\/index.php\/vivien-durisotti\/\" \/>\n<meta property=\"og:locale\" content=\"fr_FR\" \/>\n<meta property=\"og:type\" content=\"article\" \/>\n<meta property=\"og:title\" content=\"About - Vivien Durisotti\" \/>\n<meta property=\"og:description\" content=\"Designer et illustrateur, Vivien Durisotti cr\u00e9e des objets, dessins et v\u00e9hicules imaginaires m\u00ealant cr\u00e9ativit\u00e9 et passion depuis toujours.Passionn\u00e9 de design et de science-fiction, Vivien Durisotti con\u00e7oit des illustrations et objets uniques, inspir\u00e9s par mouvement et imagination.Vivien Durisotti, designer produit et illustrateur, transforme vos id\u00e9es en objets, dessins et univers imaginaires avec cr\u00e9ativit\u00e9 et pr\u00e9cision.Illustrations, v\u00e9hicules imaginaires, design produit \u2014 Vivien Durisotti donne vie \u00e0 vos projets avec sensibilit\u00e9 et passion.Designer et illustrateur passionn\u00e9, Vivien Durisotti cr\u00e9e des objets et illustrations m\u00ealant l\u00e9g\u00e8ret\u00e9, forme et univers imaginaires.\" \/>\n<meta property=\"og:url\" content=\"https:\/\/design-experience.org\/index.php\/vivien-durisotti\/\" \/>\n<meta property=\"og:site_name\" content=\"Vivien Durisotti\" \/>\n<meta property=\"article:modified_time\" content=\"2026-01-17T15:34:34+00:00\" \/>\n<meta property=\"og:image\" content=\"https:\/\/design-experience.org\/wp-content\/uploads\/2026\/01\/Fritsch-durisotti-1.jpg\" \/>\n\t<meta property=\"og:image:width\" content=\"1750\" \/>\n\t<meta property=\"og:image:height\" content=\"605\" \/>\n\t<meta property=\"og:image:type\" content=\"image\/jpeg\" \/>\n<meta name=\"twitter:card\" content=\"summary_large_image\" \/>\n<meta name=\"twitter:label1\" content=\"Dur\u00e9e de lecture estim\u00e9e\" \/>\n\t<meta name=\"twitter:data1\" content=\"2 minutes\" \/>\n<script type=\"application\/ld+json\" class=\"yoast-schema-graph\">{\"@context\":\"https:\/\/schema.org\",\"@graph\":[{\"@type\":[\"Article\",\"BlogPosting\"],\"@id\":\"https:\/\/design-experience.org\/index.php\/vivien-durisotti\/#article\",\"isPartOf\":{\"@id\":\"https:\/\/design-experience.org\/index.php\/vivien-durisotti\/\"},\"author\":{\"name\":\"admin9840\",\"@id\":\"https:\/\/design-experience.org\/#\/schema\/person\/551d0cb65dad6db2acb9d7f542a23715\"},\"headline\":\"About\",\"datePublished\":\"2026-01-17T12:45:36+00:00\",\"dateModified\":\"2026-01-17T15:34:34+00:00\",\"mainEntityOfPage\":{\"@id\":\"https:\/\/design-experience.org\/index.php\/vivien-durisotti\/\"},\"wordCount\":217,\"publisher\":{\"@id\":\"https:\/\/design-experience.org\/#organization\"},\"image\":{\"@id\":\"https:\/\/design-experience.org\/index.php\/vivien-durisotti\/#primaryimage\"},\"thumbnailUrl\":\"https:\/\/design-experience.org\/wp-content\/uploads\/2026\/01\/Fritsch-durisotti-1-1024x354.jpg\",\"inLanguage\":\"fr-FR\"},{\"@type\":\"WebPage\",\"@id\":\"https:\/\/design-experience.org\/index.php\/vivien-durisotti\/\",\"url\":\"https:\/\/design-experience.org\/index.php\/vivien-durisotti\/\",\"name\":\"About - Vivien Durisotti\",\"isPartOf\":{\"@id\":\"https:\/\/design-experience.org\/#website\"},\"primaryImageOfPage\":{\"@id\":\"https:\/\/design-experience.org\/index.php\/vivien-durisotti\/#primaryimage\"},\"image\":{\"@id\":\"https:\/\/design-experience.org\/index.php\/vivien-durisotti\/#primaryimage\"},\"thumbnailUrl\":\"https:\/\/design-experience.org\/wp-content\/uploads\/2026\/01\/Fritsch-durisotti-1-1024x354.jpg\",\"datePublished\":\"2026-01-17T12:45:36+00:00\",\"dateModified\":\"2026-01-17T15:34:34+00:00\",\"description\":\"Designer et illustrateur, Vivien Durisotti cr\u00e9e des objets, dessins et v\u00e9hicules imaginaires m\u00ealant cr\u00e9ativit\u00e9 et passion depuis toujours.Passionn\u00e9 de design et de science-fiction, Vivien Durisotti con\u00e7oit des illustrations et objets uniques, inspir\u00e9s par mouvement et imagination.Vivien Durisotti, designer produit et illustrateur, transforme vos id\u00e9es en objets, dessins et univers imaginaires avec cr\u00e9ativit\u00e9 et pr\u00e9cision.Illustrations, v\u00e9hicules imaginaires, design produit \u2014 Vivien Durisotti donne vie \u00e0 vos projets avec sensibilit\u00e9 et passion.Designer et illustrateur passionn\u00e9, Vivien Durisotti cr\u00e9e des objets et illustrations m\u00ealant l\u00e9g\u00e8ret\u00e9, forme et univers imaginaires.\",\"breadcrumb\":{\"@id\":\"https:\/\/design-experience.org\/index.php\/vivien-durisotti\/#breadcrumb\"},\"inLanguage\":\"fr-FR\",\"potentialAction\":[{\"@type\":\"ReadAction\",\"target\":[\"https:\/\/design-experience.org\/index.php\/vivien-durisotti\/\"]}]},{\"@type\":\"ImageObject\",\"inLanguage\":\"fr-FR\",\"@id\":\"https:\/\/design-experience.org\/index.php\/vivien-durisotti\/#primaryimage\",\"url\":\"https:\/\/design-experience.org\/wp-content\/uploads\/2026\/01\/Fritsch-durisotti-1.jpg\",\"contentUrl\":\"https:\/\/design-experience.org\/wp-content\/uploads\/2026\/01\/Fritsch-durisotti-1.jpg\",\"width\":1750,\"height\":605},{\"@type\":\"BreadcrumbList\",\"@id\":\"https:\/\/design-experience.org\/index.php\/vivien-durisotti\/#breadcrumb\",\"itemListElement\":[{\"@type\":\"ListItem\",\"position\":1,\"name\":\"Accueil\",\"item\":\"https:\/\/design-experience.org\/\"},{\"@type\":\"ListItem\",\"position\":2,\"name\":\"About\"}]},{\"@type\":\"WebSite\",\"@id\":\"https:\/\/design-experience.org\/#website\",\"url\":\"https:\/\/design-experience.org\/\",\"name\":\"Vivien Durisotti\",\"description\":\"Dreamer \/ illustrator \/ Designer at Fritsch-durisotti\",\"publisher\":{\"@id\":\"https:\/\/design-experience.org\/#organization\"},\"potentialAction\":[{\"@type\":\"SearchAction\",\"target\":{\"@type\":\"EntryPoint\",\"urlTemplate\":\"https:\/\/design-experience.org\/?s={search_term_string}\"},\"query-input\":{\"@type\":\"PropertyValueSpecification\",\"valueRequired\":true,\"valueName\":\"search_term_string\"}}],\"inLanguage\":\"fr-FR\"},{\"@type\":\"Organization\",\"@id\":\"https:\/\/design-experience.org\/#organization\",\"name\":\"vivien durisotti\",\"url\":\"https:\/\/design-experience.org\/\",\"logo\":{\"@type\":\"ImageObject\",\"inLanguage\":\"fr-FR\",\"@id\":\"https:\/\/design-experience.org\/#\/schema\/logo\/image\/\",\"url\":\"https:\/\/design-experience.org\/wp-content\/uploads\/2020\/01\/16-16-janvier-2020.jpg\",\"contentUrl\":\"https:\/\/design-experience.org\/wp-content\/uploads\/2020\/01\/16-16-janvier-2020.jpg\",\"width\":950,\"height\":873,\"caption\":\"vivien durisotti\"},\"image\":{\"@id\":\"https:\/\/design-experience.org\/#\/schema\/logo\/image\/\"},\"sameAs\":[\"https:\/\/www.instagram.com\/viviendurisotti\"]},{\"@type\":\"Person\",\"@id\":\"https:\/\/design-experience.org\/#\/schema\/person\/551d0cb65dad6db2acb9d7f542a23715\",\"name\":\"admin9840\",\"image\":{\"@type\":\"ImageObject\",\"inLanguage\":\"fr-FR\",\"@id\":\"https:\/\/design-experience.org\/#\/schema\/person\/image\/\",\"url\":\"https:\/\/secure.gravatar.com\/avatar\/90cd66572ea1eba14f63ce101acf402a01097072d16ba36dc409e4d5abb296b2?s=96&d=mm&r=g\",\"contentUrl\":\"https:\/\/secure.gravatar.com\/avatar\/90cd66572ea1eba14f63ce101acf402a01097072d16ba36dc409e4d5abb296b2?s=96&d=mm&r=g\",\"caption\":\"admin9840\"},\"url\":\"https:\/\/design-experience.org\/index.php\/author\/admin9840\/\"}]}<\/script>\n<!-- \/ Yoast SEO plugin. -->","yoast_head_json":{"title":"About - Vivien Durisotti","description":"Designer et illustrateur, Vivien Durisotti cr\u00e9e des objets, dessins et v\u00e9hicules imaginaires m\u00ealant cr\u00e9ativit\u00e9 et passion depuis toujours.Passionn\u00e9 de design et de science-fiction, Vivien Durisotti con\u00e7oit des illustrations et objets uniques, inspir\u00e9s par mouvement et imagination.Vivien Durisotti, designer produit et illustrateur, transforme vos id\u00e9es en objets, dessins et univers imaginaires avec cr\u00e9ativit\u00e9 et pr\u00e9cision.Illustrations, v\u00e9hicules imaginaires, design produit \u2014 Vivien Durisotti donne vie \u00e0 vos projets avec sensibilit\u00e9 et passion.Designer et illustrateur passionn\u00e9, Vivien Durisotti cr\u00e9e des objets et illustrations m\u00ealant l\u00e9g\u00e8ret\u00e9, forme et univers imaginaires.","robots":{"index":"index","follow":"follow","max-snippet":"max-snippet:-1","max-image-preview":"max-image-preview:large","max-video-preview":"max-video-preview:-1"},"canonical":"https:\/\/design-experience.org\/index.php\/vivien-durisotti\/","og_locale":"fr_FR","og_type":"article","og_title":"About - Vivien Durisotti","og_description":"Designer et illustrateur, Vivien Durisotti cr\u00e9e des objets, dessins et v\u00e9hicules imaginaires m\u00ealant cr\u00e9ativit\u00e9 et passion depuis toujours.Passionn\u00e9 de design et de science-fiction, Vivien Durisotti con\u00e7oit des illustrations et objets uniques, inspir\u00e9s par mouvement et imagination.Vivien Durisotti, designer produit et illustrateur, transforme vos id\u00e9es en objets, dessins et univers imaginaires avec cr\u00e9ativit\u00e9 et pr\u00e9cision.Illustrations, v\u00e9hicules imaginaires, design produit \u2014 Vivien Durisotti donne vie \u00e0 vos projets avec sensibilit\u00e9 et passion.Designer et illustrateur passionn\u00e9, Vivien Durisotti cr\u00e9e des objets et illustrations m\u00ealant l\u00e9g\u00e8ret\u00e9, forme et univers imaginaires.","og_url":"https:\/\/design-experience.org\/index.php\/vivien-durisotti\/","og_site_name":"Vivien Durisotti","article_modified_time":"2026-01-17T15:34:34+00:00","og_image":[{"width":1750,"height":605,"url":"https:\/\/design-experience.org\/wp-content\/uploads\/2026\/01\/Fritsch-durisotti-1.jpg","type":"image\/jpeg"}],"twitter_card":"summary_large_image","twitter_misc":{"Dur\u00e9e de lecture estim\u00e9e":"2 minutes"},"schema":{"@context":"https:\/\/schema.org","@graph":[{"@type":["Article","BlogPosting"],"@id":"https:\/\/design-experience.org\/index.php\/vivien-durisotti\/#article","isPartOf":{"@id":"https:\/\/design-experience.org\/index.php\/vivien-durisotti\/"},"author":{"name":"admin9840","@id":"https:\/\/design-experience.org\/#\/schema\/person\/551d0cb65dad6db2acb9d7f542a23715"},"headline":"About","datePublished":"2026-01-17T12:45:36+00:00","dateModified":"2026-01-17T15:34:34+00:00","mainEntityOfPage":{"@id":"https:\/\/design-experience.org\/index.php\/vivien-durisotti\/"},"wordCount":217,"publisher":{"@id":"https:\/\/design-experience.org\/#organization"},"image":{"@id":"https:\/\/design-experience.org\/index.php\/vivien-durisotti\/#primaryimage"},"thumbnailUrl":"https:\/\/design-experience.org\/wp-content\/uploads\/2026\/01\/Fritsch-durisotti-1-1024x354.jpg","inLanguage":"fr-FR"},{"@type":"WebPage","@id":"https:\/\/design-experience.org\/index.php\/vivien-durisotti\/","url":"https:\/\/design-experience.org\/index.php\/vivien-durisotti\/","name":"About - Vivien Durisotti","isPartOf":{"@id":"https:\/\/design-experience.org\/#website"},"primaryImageOfPage":{"@id":"https:\/\/design-experience.org\/index.php\/vivien-durisotti\/#primaryimage"},"image":{"@id":"https:\/\/design-experience.org\/index.php\/vivien-durisotti\/#primaryimage"},"thumbnailUrl":"https:\/\/design-experience.org\/wp-content\/uploads\/2026\/01\/Fritsch-durisotti-1-1024x354.jpg","datePublished":"2026-01-17T12:45:36+00:00","dateModified":"2026-01-17T15:34:34+00:00","description":"Designer et illustrateur, Vivien Durisotti cr\u00e9e des objets, dessins et v\u00e9hicules imaginaires m\u00ealant cr\u00e9ativit\u00e9 et passion depuis toujours.Passionn\u00e9 de design et de science-fiction, Vivien Durisotti con\u00e7oit des illustrations et objets uniques, inspir\u00e9s par mouvement et imagination.Vivien Durisotti, designer produit et illustrateur, transforme vos id\u00e9es en objets, dessins et univers imaginaires avec cr\u00e9ativit\u00e9 et pr\u00e9cision.Illustrations, v\u00e9hicules imaginaires, design produit \u2014 Vivien Durisotti donne vie \u00e0 vos projets avec sensibilit\u00e9 et passion.Designer et illustrateur passionn\u00e9, Vivien Durisotti cr\u00e9e des objets et illustrations m\u00ealant l\u00e9g\u00e8ret\u00e9, forme et univers imaginaires.","breadcrumb":{"@id":"https:\/\/design-experience.org\/index.php\/vivien-durisotti\/#breadcrumb"},"inLanguage":"fr-FR","potentialAction":[{"@type":"ReadAction","target":["https:\/\/design-experience.org\/index.php\/vivien-durisotti\/"]}]},{"@type":"ImageObject","inLanguage":"fr-FR","@id":"https:\/\/design-experience.org\/index.php\/vivien-durisotti\/#primaryimage","url":"https:\/\/design-experience.org\/wp-content\/uploads\/2026\/01\/Fritsch-durisotti-1.jpg","contentUrl":"https:\/\/design-experience.org\/wp-content\/uploads\/2026\/01\/Fritsch-durisotti-1.jpg","width":1750,"height":605},{"@type":"BreadcrumbList","@id":"https:\/\/design-experience.org\/index.php\/vivien-durisotti\/#breadcrumb","itemListElement":[{"@type":"ListItem","position":1,"name":"Accueil","item":"https:\/\/design-experience.org\/"},{"@type":"ListItem","position":2,"name":"About"}]},{"@type":"WebSite","@id":"https:\/\/design-experience.org\/#website","url":"https:\/\/design-experience.org\/","name":"Vivien Durisotti","description":"Dreamer \/ illustrator \/ Designer at Fritsch-durisotti","publisher":{"@id":"https:\/\/design-experience.org\/#organization"},"potentialAction":[{"@type":"SearchAction","target":{"@type":"EntryPoint","urlTemplate":"https:\/\/design-experience.org\/?s={search_term_string}"},"query-input":{"@type":"PropertyValueSpecification","valueRequired":true,"valueName":"search_term_string"}}],"inLanguage":"fr-FR"},{"@type":"Organization","@id":"https:\/\/design-experience.org\/#organization","name":"vivien durisotti","url":"https:\/\/design-experience.org\/","logo":{"@type":"ImageObject","inLanguage":"fr-FR","@id":"https:\/\/design-experience.org\/#\/schema\/logo\/image\/","url":"https:\/\/design-experience.org\/wp-content\/uploads\/2020\/01\/16-16-janvier-2020.jpg","contentUrl":"https:\/\/design-experience.org\/wp-content\/uploads\/2020\/01\/16-16-janvier-2020.jpg","width":950,"height":873,"caption":"vivien durisotti"},"image":{"@id":"https:\/\/design-experience.org\/#\/schema\/logo\/image\/"},"sameAs":["https:\/\/www.instagram.com\/viviendurisotti"]},{"@type":"Person","@id":"https:\/\/design-experience.org\/#\/schema\/person\/551d0cb65dad6db2acb9d7f542a23715","name":"admin9840","image":{"@type":"ImageObject","inLanguage":"fr-FR","@id":"https:\/\/design-experience.org\/#\/schema\/person\/image\/","url":"https:\/\/secure.gravatar.com\/avatar\/90cd66572ea1eba14f63ce101acf402a01097072d16ba36dc409e4d5abb296b2?s=96&d=mm&r=g","contentUrl":"https:\/\/secure.gravatar.com\/avatar\/90cd66572ea1eba14f63ce101acf402a01097072d16ba36dc409e4d5abb296b2?s=96&d=mm&r=g","caption":"admin9840"},"url":"https:\/\/design-experience.org\/index.php\/author\/admin9840\/"}]}},"_links":{"self":[{"href":"https:\/\/design-experience.org\/index.php\/wp-json\/wp\/v2\/pages\/3007","targetHints":{"allow":["GET"]}}],"collection":[{"href":"https:\/\/design-experience.org\/index.php\/wp-json\/wp\/v2\/pages"}],"about":[{"href":"https:\/\/design-experience.org\/index.php\/wp-json\/wp\/v2\/types\/page"}],"author":[{"embeddable":true,"href":"https:\/\/design-experience.org\/index.php\/wp-json\/wp\/v2\/users\/1"}],"replies":[{"embeddable":true,"href":"https:\/\/design-experience.org\/index.php\/wp-json\/wp\/v2\/comments?post=3007"}],"version-history":[{"count":42,"href":"https:\/\/design-experience.org\/index.php\/wp-json\/wp\/v2\/pages\/3007\/revisions"}],"predecessor-version":[{"id":3101,"href":"https:\/\/design-experience.org\/index.php\/wp-json\/wp\/v2\/pages\/3007\/revisions\/3101"}],"wp:attachment":[{"href":"https:\/\/design-experience.org\/index.php\/wp-json\/wp\/v2\/media?parent=3007"}],"curies":[{"name":"wp","href":"https:\/\/api.w.org\/{rel}","templated":true}]}}